{"id":196,"date":"2020-09-08T11:06:54","date_gmt":"2020-09-08T11:06:54","guid":{"rendered":"https:\/\/phoenix-association-grandest.fr\/?page_id=196"},"modified":"2025-09-13T11:50:37","modified_gmt":"2025-09-13T09:50:37","slug":"contact","status":"publish","type":"page","link":"https:\/\/phoenix-association-grandest.fr\/?page_id=196","title":{"rendered":"Contact"},"content":{"rendered":"\n<div class=\"wp-block-uagb-container uagb-block-be13f54f alignfull uagb-is-root-container\"><div class=\"uagb-container__shape uagb-container__shape-bottom uagb-container__invert\" data-negative=\"false\"><svg xmlns=\"https:\/\/www.w3.org\/2000\/svg\" viewBox=\"0 0 1000 100\" preserveAspectRatio=\"none\"><path class=\"uagb-container__shape-fill\" d=\"M500,98.9L0,6.1V0h1000v6.1L500,98.9z\"><\/path><\/svg><\/div><div class=\"uagb-container-inner-blocks-wrap\">\n<div class=\"wp-block-uagb-advanced-heading uagb-block-62a8d1c5\"><h1 class=\"uagb-heading-text\">Contactez-nous<\/h1><\/div>\n<\/div><\/div>\n\n\n\n<div class=\"wp-block-uagb-container uagb-block-1696c00c alignfull uagb-is-root-container\"><div class=\"uagb-container-inner-blocks-wrap\">\n<div class=\"wp-block-uagb-container uagb-block-e272b5d8\">\n<div class=\"wp-block-uagb-advanced-heading uagb-block-8edef244\"><h3 class=\"uagb-heading-text\">Formulaire de contact<\/h3><\/div>\n\n\n<div class=\"wpforms-container wpforms-block wpforms-block-29dad450-9db7-4249-9233-55fa66fe9252\" id=\"wpforms-14\"><form id=\"wpforms-form-14\" class=\"wpforms-validate wpforms-form\" data-formid=\"14\" method=\"post\" enctype=\"multipart\/form-data\" action=\"\/index.php?rest_route=%2Fwp%2Fv2%2Fpages%2F196\" data-token=\"f30d16cfb3ed6bcbb6152b52247e3043\" data-token-time=\"1778748222\"><noscript class=\"wpforms-error-noscript\">Veuillez activer JavaScript dans votre navigateur pour remplir ce formulaire.<\/noscript><div class=\"wpforms-field-container\"><div id=\"wpforms-14-field_3-container\" class=\"wpforms-field wpforms-field-name\" data-field-id=\"3\"><label class=\"wpforms-field-label wpforms-label-hide\" for=\"wpforms-14-field_3\">Nom <span class=\"wpforms-required-label\">*<\/span><\/label><input type=\"text\" id=\"wpforms-14-field_3\" class=\"wpforms-field-large wpforms-field-required\" name=\"wpforms[fields][3]\" placeholder=\"Nom\" required><\/div><div id=\"wpforms-14-field_4-container\" class=\"wpforms-field wpforms-field-name\" data-field-id=\"4\"><label class=\"wpforms-field-label wpforms-label-hide\" for=\"wpforms-14-field_4\">T\u00e9l\u00e9phone<\/label><input type=\"text\" id=\"wpforms-14-field_4\" class=\"wpforms-field-large\" name=\"wpforms[fields][4]\" placeholder=\"T\u00e9l\u00e9phone\" ><\/div><div id=\"wpforms-14-field_1-container\" class=\"wpforms-field wpforms-field-email\" data-field-id=\"1\"><label class=\"wpforms-field-label wpforms-label-hide\" for=\"wpforms-14-field_1\">E-mail <span class=\"wpforms-required-label\">*<\/span><\/label><input type=\"email\" id=\"wpforms-14-field_1\" class=\"wpforms-field-large wpforms-field-required\" name=\"wpforms[fields][1]\" placeholder=\"E-mail\" spellcheck=\"false\" required><\/div><div id=\"wpforms-14-field_5-container\" class=\"wpforms-field wpforms-field-textarea\" data-field-id=\"5\"><label class=\"wpforms-field-label wpforms-label-hide\" for=\"wpforms-14-field_5\">Message<\/label><textarea id=\"wpforms-14-field_5\" class=\"wpforms-field-medium\" name=\"wpforms[fields][5]\" placeholder=\"Message\" ><\/textarea><\/div><\/div><!-- .wpforms-field-container --><div class=\"wpforms-field wpforms-field-hp\"><label for=\"wpforms-14-field-hp\" class=\"wpforms-field-label\">Message<\/label><input type=\"text\" name=\"wpforms[hp]\" id=\"wpforms-14-field-hp\" class=\"wpforms-field-medium\"><\/div><div class=\"wpforms-submit-container\" ><input type=\"hidden\" name=\"wpforms[id]\" value=\"14\"><input type=\"hidden\" name=\"page_title\" value=\"\"><input type=\"hidden\" name=\"page_url\" value=\"https:\/\/phoenix-association-grandest.fr\/index.php?rest_route=\/wp\/v2\/pages\/196\"><input type=\"hidden\" name=\"url_referer\" value=\"\"><button type=\"submit\" name=\"wpforms[submit]\" id=\"wpforms-submit-14\" class=\"wpforms-submit\" data-alt-text=\"Envoi...\" data-submit-text=\"Envoyer\" aria-live=\"assertive\" value=\"wpforms-submit\">Envoyer<\/button><\/div><\/form><\/div>  <!-- .wpforms-container --><\/div>\n\n\n<div class=\"wp-block-uagb-faq uagb-faq__outer-wrap uagb-block-33684a4a uagb-faq-icon-row uagb-faq-layout-accordion uagb-faq-expand-first-true uagb-faq-inactive-other-true uagb-faq__wrap uagb-buttons-layout-wrap uagb-faq-equal-height     \" data-faqtoggle=\"true\" role=\"tablist\"><div class=\"wp-block-uagb-faq-child uagb-faq-child__outer-wrap uagb-faq-item uagb-block-15c2f09a \" role=\"tab\" tabindex=\"0\"><div class=\"uagb-faq-questions-button uagb-faq-questions\">\t\t\t<span class=\"uagb-icon uagb-faq-icon-wrap\">\n\t\t\t\t\t\t\t\t<svg xmlns=\"https:\/\/www.w3.org\/2000\/svg\" viewBox= \"0 0 448 512\"><path d=\"M432 256c0 17.69-14.33 32.01-32 32.01H256v144c0 17.69-14.33 31.99-32 31.99s-32-14.3-32-31.99v-144H48c-17.67 0-32-14.32-32-32.01s14.33-31.99 32-31.99H192v-144c0-17.69 14.33-32.01 32-32.01s32 14.32 32 32.01v144h144C417.7 224 432 238.3 432 256z\"><\/path><\/svg>\n\t\t\t\t\t\t\t<\/span>\n\t\t\t\t\t\t<span class=\"uagb-icon-active uagb-faq-icon-wrap\">\n\t\t\t\t\t\t\t\t<svg xmlns=\"https:\/\/www.w3.org\/2000\/svg\" viewBox= \"0 0 448 512\"><path d=\"M400 288h-352c-17.69 0-32-14.32-32-32.01s14.31-31.99 32-31.99h352c17.69 0 32 14.3 32 31.99S417.7 288 400 288z\"><\/path><\/svg>\n\t\t\t\t\t\t\t<\/span>\n\t\t\t<span class=\"uagb-question\">Qu&rsquo;est-ce que l&rsquo;association Phoenix ?<\/span><\/div><div class=\"uagb-faq-content\"><p>Phoenix est une association loi de 1901 cr\u00e9\u00e9e en 2001. Notre objectif principal est d&rsquo;offrir des activit\u00e9s physiques adapt\u00e9es aux personnes ayant des probl\u00e8mes de sant\u00e9 de tout type, aux personnes \u00e2g\u00e9es de plus de 60 ans et aux jeunes en r\u00e9insertion professionnelle.<\/p><\/div><\/div><div class=\"wp-block-uagb-faq-child uagb-faq-child__outer-wrap uagb-faq-item uagb-block-2d887003 \" role=\"tab\" tabindex=\"0\"><div class=\"uagb-faq-questions-button uagb-faq-questions\">\t\t\t<span class=\"uagb-icon uagb-faq-icon-wrap\">\n\t\t\t\t\t\t\t\t<svg xmlns=\"https:\/\/www.w3.org\/2000\/svg\" viewBox= \"0 0 448 512\"><path d=\"M432 256c0 17.69-14.33 32.01-32 32.01H256v144c0 17.69-14.33 31.99-32 31.99s-32-14.3-32-31.99v-144H48c-17.67 0-32-14.32-32-32.01s14.33-31.99 32-31.99H192v-144c0-17.69 14.33-32.01 32-32.01s32 14.32 32 32.01v144h144C417.7 224 432 238.3 432 256z\"><\/path><\/svg>\n\t\t\t\t\t\t\t<\/span>\n\t\t\t\t\t\t<span class=\"uagb-icon-active uagb-faq-icon-wrap\">\n\t\t\t\t\t\t\t\t<svg xmlns=\"https:\/\/www.w3.org\/2000\/svg\" viewBox= \"0 0 448 512\"><path d=\"M400 288h-352c-17.69 0-32-14.32-32-32.01s14.31-31.99 32-31.99h352c17.69 0 32 14.3 32 31.99S417.7 288 400 288z\"><\/path><\/svg>\n\t\t\t\t\t\t\t<\/span>\n\t\t\t<span class=\"uagb-question\">Quels types d&rsquo;activit\u00e9s proposez-vous ?<\/span><\/div><div class=\"uagb-faq-content\"><p>Nous proposons une vari\u00e9t\u00e9 d&rsquo;activit\u00e9s adapt\u00e9es \u00e0 diff\u00e9rents publics. Cela comprend des sports tels que le tennis de table, le badminton, le cardio-training, l&rsquo;\u00e9quilibre et l&rsquo;\u00e9ducation \u00e0 la sant\u00e9. Nous nous effor\u00e7ons de fournir des activit\u00e9s qui favorisent la sant\u00e9 physique et mentale de nos participants.<\/p><\/div><\/div><div class=\"wp-block-uagb-faq-child uagb-faq-child__outer-wrap uagb-faq-item uagb-block-7db85757 \" role=\"tab\" tabindex=\"0\"><div class=\"uagb-faq-questions-button uagb-faq-questions\">\t\t\t<span class=\"uagb-icon uagb-faq-icon-wrap\">\n\t\t\t\t\t\t\t\t<svg xmlns=\"https:\/\/www.w3.org\/2000\/svg\" viewBox= \"0 0 448 512\"><path d=\"M432 256c0 17.69-14.33 32.01-32 32.01H256v144c0 17.69-14.33 31.99-32 31.99s-32-14.3-32-31.99v-144H48c-17.67 0-32-14.32-32-32.01s14.33-31.99 32-31.99H192v-144c0-17.69 14.33-32.01 32-32.01s32 14.32 32 32.01v144h144C417.7 224 432 238.3 432 256z\"><\/path><\/svg>\n\t\t\t\t\t\t\t<\/span>\n\t\t\t\t\t\t<span class=\"uagb-icon-active uagb-faq-icon-wrap\">\n\t\t\t\t\t\t\t\t<svg xmlns=\"https:\/\/www.w3.org\/2000\/svg\" viewBox= \"0 0 448 512\"><path d=\"M400 288h-352c-17.69 0-32-14.32-32-32.01s14.31-31.99 32-31.99h352c17.69 0 32 14.3 32 31.99S417.7 288 400 288z\"><\/path><\/svg>\n\t\t\t\t\t\t\t<\/span>\n\t\t\t<span class=\"uagb-question\">Qui encadre les sessions d&rsquo;activit\u00e9s ?<\/span><\/div><div class=\"uagb-faq-content\"><p>Nos sessions sont encadr\u00e9es par des professionnels qualifi\u00e9s dans le domaine de l&rsquo;activit\u00e9 physique adapt\u00e9e et Sant\u00e9 (APA-S). Nous avons une \u00e9quipe de coachs sportifs sp\u00e9cialis\u00e9s qui sont form\u00e9s pour travailler avec des publics vari\u00e9s et veiller \u00e0 leur bien-\u00eatre lors des s\u00e9ances.<\/p><\/div><\/div><div class=\"wp-block-uagb-faq-child uagb-faq-child__outer-wrap uagb-faq-item uagb-block-2f66ce30 \" role=\"tab\" tabindex=\"0\"><div class=\"uagb-faq-questions-button uagb-faq-questions\">\t\t\t<span class=\"uagb-icon uagb-faq-icon-wrap\">\n\t\t\t\t\t\t\t\t<svg xmlns=\"https:\/\/www.w3.org\/2000\/svg\" viewBox= \"0 0 448 512\"><path d=\"M432 256c0 17.69-14.33 32.01-32 32.01H256v144c0 17.69-14.33 31.99-32 31.99s-32-14.3-32-31.99v-144H48c-17.67 0-32-14.32-32-32.01s14.33-31.99 32-31.99H192v-144c0-17.69 14.33-32.01 32-32.01s32 14.32 32 32.01v144h144C417.7 224 432 238.3 432 256z\"><\/path><\/svg>\n\t\t\t\t\t\t\t<\/span>\n\t\t\t\t\t\t<span class=\"uagb-icon-active uagb-faq-icon-wrap\">\n\t\t\t\t\t\t\t\t<svg xmlns=\"https:\/\/www.w3.org\/2000\/svg\" viewBox= \"0 0 448 512\"><path d=\"M400 288h-352c-17.69 0-32-14.32-32-32.01s14.31-31.99 32-31.99h352c17.69 0 32 14.3 32 31.99S417.7 288 400 288z\"><\/path><\/svg>\n\t\t\t\t\t\t\t<\/span>\n\t\t\t<span class=\"uagb-question\">O\u00f9 se d\u00e9roulent les sessions d&rsquo;activit\u00e9s ?<\/span><\/div><div class=\"uagb-faq-content\"><p>Nos sessions se d\u00e9roulent dans diff\u00e9rents lieux. Nous intervenons \u00e0 l&rsquo;heure actuelle sur 16 communes du pays haut (Cons- la-Grandville, Cosnes et Romain, Cutry, Gorcy, Haucourt &#8211; Moulaine, Herserange, Hussigny-Godbrange, Longlaville, Longwy &#8211; Gouraincourt, Longwy Haut, Morfontaine, Pierrepont, R\u00e9hon, Saulnes, Villers-la-Montagne et Villerupt). Nous choisissons des installations sportives adapt\u00e9es et accessibles pour assurer le confort de nos pratiquant(e)s.<\/p><\/div><\/div><div class=\"wp-block-uagb-faq-child uagb-faq-child__outer-wrap uagb-faq-item uagb-block-66b3a1f2 \" role=\"tab\" tabindex=\"0\"><div class=\"uagb-faq-questions-button uagb-faq-questions\">\t\t\t<span class=\"uagb-icon uagb-faq-icon-wrap\">\n\t\t\t\t\t\t\t\t<svg xmlns=\"https:\/\/www.w3.org\/2000\/svg\" viewBox= \"0 0 448 512\"><path d=\"M432 256c0 17.69-14.33 32.01-32 32.01H256v144c0 17.69-14.33 31.99-32 31.99s-32-14.3-32-31.99v-144H48c-17.67 0-32-14.32-32-32.01s14.33-31.99 32-31.99H192v-144c0-17.69 14.33-32.01 32-32.01s32 14.32 32 32.01v144h144C417.7 224 432 238.3 432 256z\"><\/path><\/svg>\n\t\t\t\t\t\t\t<\/span>\n\t\t\t\t\t\t<span class=\"uagb-icon-active uagb-faq-icon-wrap\">\n\t\t\t\t\t\t\t\t<svg xmlns=\"https:\/\/www.w3.org\/2000\/svg\" viewBox= \"0 0 448 512\"><path d=\"M400 288h-352c-17.69 0-32-14.32-32-32.01s14.31-31.99 32-31.99h352c17.69 0 32 14.3 32 31.99S417.7 288 400 288z\"><\/path><\/svg>\n\t\t\t\t\t\t\t<\/span>\n\t\t\t<span class=\"uagb-question\">Comment puis-je m&rsquo;inscrire \u00e0 une session ?<\/span><\/div><div class=\"uagb-faq-content\"><p>Pour vous inscrire \u00e0 l&rsquo;une de nos sessions, veuillez contacter le responsable de la session concern\u00e9e. Les coordonn\u00e9es de contact sont fournies dans la description de chaque session. N&rsquo;h\u00e9sitez pas \u00e0 nous appeler pour obtenir des informations suppl\u00e9mentaires ou pour r\u00e9server votre place.<\/p><\/div><\/div><div class=\"wp-block-uagb-faq-child uagb-faq-child__outer-wrap uagb-faq-item uagb-block-ca4f0a62 \" role=\"tab\" tabindex=\"0\"><div class=\"uagb-faq-questions-button uagb-faq-questions\">\t\t\t<span class=\"uagb-icon uagb-faq-icon-wrap\">\n\t\t\t\t\t\t\t\t<svg xmlns=\"https:\/\/www.w3.org\/2000\/svg\" viewBox= \"0 0 448 512\"><path d=\"M432 256c0 17.69-14.33 32.01-32 32.01H256v144c0 17.69-14.33 31.99-32 31.99s-32-14.3-32-31.99v-144H48c-17.67 0-32-14.32-32-32.01s14.33-31.99 32-31.99H192v-144c0-17.69 14.33-32.01 32-32.01s32 14.32 32 32.01v144h144C417.7 224 432 238.3 432 256z\"><\/path><\/svg>\n\t\t\t\t\t\t\t<\/span>\n\t\t\t\t\t\t<span class=\"uagb-icon-active uagb-faq-icon-wrap\">\n\t\t\t\t\t\t\t\t<svg xmlns=\"https:\/\/www.w3.org\/2000\/svg\" viewBox= \"0 0 448 512\"><path d=\"M400 288h-352c-17.69 0-32-14.32-32-32.01s14.31-31.99 32-31.99h352c17.69 0 32 14.3 32 31.99S417.7 288 400 288z\"><\/path><\/svg>\n\t\t\t\t\t\t\t<\/span>\n\t\t\t<span class=\"uagb-question\">Comment puis-je soutenir l&rsquo;association Phoenix ?<\/span><\/div><div class=\"uagb-faq-content\"><p>Nous sommes reconnaissants de votre int\u00e9r\u00eat pour soutenir notre association ! Vous pouvez nous aider de plusieurs fa\u00e7ons. Tout d&rsquo;abord, vous pouvez faire un don financier pour soutenir nos activit\u00e9s et permettre leur expansion. De plus, vous pouvez devenir b\u00e9n\u00e9vole et apporter votre soutien lors de nos sessions d&rsquo;activit\u00e9s. Enfin, vous pouvez \u00e9galement promouvoir notre association en partageant notre mission et nos activit\u00e9s avec votre r\u00e9seau. Chaque geste compte et contribue \u00e0 notre cause. Contactez-nous pour en savoir plus sur les diff\u00e9rentes possibilit\u00e9s de soutien.<\/p><\/div><\/div><\/div><\/div><\/div>\n","protected":false},"excerpt":{"rendered":"<p>Contactez-nous Formulaire de contact<\/p>\n","protected":false},"author":1,"featured_media":0,"parent":0,"menu_order":0,"comment_status":"closed","ping_status":"closed","template":"","meta":{"om_disable_all_campaigns":false,"_uag_custom_page_level_css":"","_monsterinsights_skip_tracking":false,"_monsterinsights_sitenote_active":false,"_monsterinsights_sitenote_note":"","_monsterinsights_sitenote_category":0,"site-sidebar-layout":"no-sidebar","site-content-layout":"plain-container","ast-site-content-layout":"normal-width-container","site-content-style":"unboxed","site-sidebar-style":"unboxed","ast-global-header-display":"","ast-banner-title-visibility":"","ast-main-header-display":"","ast-hfb-above-header-display":"","ast-hfb-below-header-display":"","ast-hfb-mobile-header-display":"","site-post-title":"disabled","ast-breadcrumbs-content":"","ast-featured-img":"","footer-sml-layout":"","theme-transparent-header-meta":"default","adv-header-id-meta":"","stick-header-meta":"","header-above-stick-meta":"","header-main-stick-meta":"","header-below-stick-meta":"","astra-migrate-meta-layouts":"set","ast-page-background-enabled":"default","ast-page-background-meta":{"desktop":{"background-color":"","background-image":"","background-repeat":"repeat","background-position":"center center","background-size":"auto","background-attachment":"scroll","background-type":"","background-media":"","overlay-type":"","overlay-color":"","overlay-opacity":"","overlay-gradient":""},"tablet":{"background-color":"","background-image":"","background-repeat":"repeat","background-position":"center center","background-size":"auto","background-attachment":"scroll","background-type":"","background-media":"","overlay-type":"","overlay-color":"","overlay-opacity":"","overlay-gradient":""},"mobile":{"background-color":"","background-image":"","background-repeat":"repeat","background-position":"center center","background-size":"auto","background-attachment":"scroll","background-type":"","background-media":"","overlay-type":"","overlay-color":"","overlay-opacity":"","overlay-gradient":""}},"ast-content-background-meta":{"desktop":{"background-color":"var(--ast-global-color-5)","background-image":"","background-repeat":"repeat","background-position":"center center","background-size":"auto","background-attachment":"scroll","background-type":"","background-media":"","overlay-type":"","overlay-color":"","overlay-opacity":"","overlay-gradient":""},"tablet":{"background-color":"var(--ast-global-color-5)","background-image":"","background-repeat":"repeat","background-position":"center center","background-size":"auto","background-attachment":"scroll","background-type":"","background-media":"","overlay-type":"","overlay-color":"","overlay-opacity":"","overlay-gradient":""},"mobile":{"background-color":"var(--ast-global-color-5)","background-image":"","background-repeat":"repeat","background-position":"center center","background-size":"auto","background-attachment":"scroll","background-type":"","background-media":"","overlay-type":"","overlay-color":"","overlay-opacity":"","overlay-gradient":""}},"footnotes":""},"class_list":["post-196","page","type-page","status-publish","hentry"],"yoast_head":"<!-- This site is optimized with the Yoast SEO plugin v27.6 - https:\/\/yoast.com\/product\/yoast-seo-wordpress\/ -->\n<title>Contact - Association Phoenix<\/title>\n<meta name=\"robots\" content=\"index, follow, max-snippet:-1, max-image-preview:large, max-video-preview:-1\" \/>\n<link rel=\"canonical\" href=\"https:\/\/phoenix-association-grandest.fr\/?page_id=196\" \/>\n<meta property=\"og:locale\" content=\"fr_FR\" \/>\n<meta property=\"og:type\" content=\"article\" \/>\n<meta property=\"og:title\" content=\"Contact - Association Phoenix\" \/>\n<meta property=\"og:description\" content=\"Contactez-nous Formulaire de contact\" \/>\n<meta property=\"og:url\" content=\"https:\/\/phoenix-association-grandest.fr\/?page_id=196\" \/>\n<meta property=\"og:site_name\" content=\"Association Phoenix\" \/>\n<meta property=\"article:modified_time\" content=\"2025-09-13T09:50:37+00:00\" \/>\n<meta name=\"twitter:card\" content=\"summary_large_image\" \/>\n<meta name=\"twitter:label1\" content=\"Dur\u00e9e de lecture estim\u00e9e\" \/>\n\t<meta name=\"twitter:data1\" content=\"1 minute\" \/>\n<script type=\"application\/ld+json\" class=\"yoast-schema-graph\">{\"@context\":\"https:\\\/\\\/schema.org\",\"@graph\":[{\"@type\":\"WebPage\",\"@id\":\"https:\\\/\\\/phoenix-association-grandest.fr\\\/?page_id=196\",\"url\":\"https:\\\/\\\/phoenix-association-grandest.fr\\\/?page_id=196\",\"name\":\"Contact - Association Phoenix\",\"isPartOf\":{\"@id\":\"https:\\\/\\\/phoenix-association-grandest.fr\\\/#website\"},\"datePublished\":\"2020-09-08T11:06:54+00:00\",\"dateModified\":\"2025-09-13T09:50:37+00:00\",\"breadcrumb\":{\"@id\":\"https:\\\/\\\/phoenix-association-grandest.fr\\\/?page_id=196#breadcrumb\"},\"inLanguage\":\"fr-FR\",\"potentialAction\":[{\"@type\":\"ReadAction\",\"target\":[\"https:\\\/\\\/phoenix-association-grandest.fr\\\/?page_id=196\"]}]},{\"@type\":\"BreadcrumbList\",\"@id\":\"https:\\\/\\\/phoenix-association-grandest.fr\\\/?page_id=196#breadcrumb\",\"itemListElement\":[{\"@type\":\"ListItem\",\"position\":1,\"name\":\"Accueil\",\"item\":\"https:\\\/\\\/phoenix-association-grandest.fr\\\/\"},{\"@type\":\"ListItem\",\"position\":2,\"name\":\"Contact\"}]},{\"@type\":\"WebSite\",\"@id\":\"https:\\\/\\\/phoenix-association-grandest.fr\\\/#website\",\"url\":\"https:\\\/\\\/phoenix-association-grandest.fr\\\/\",\"name\":\"Association Phoenix\",\"description\":\"La sant\u00e9 par l\u2019activit\u00e9 physique adapt\u00e9e\",\"publisher\":{\"@id\":\"https:\\\/\\\/phoenix-association-grandest.fr\\\/#organization\"},\"potentialAction\":[{\"@type\":\"SearchAction\",\"target\":{\"@type\":\"EntryPoint\",\"urlTemplate\":\"https:\\\/\\\/phoenix-association-grandest.fr\\\/?s={search_term_string}\"},\"query-input\":{\"@type\":\"PropertyValueSpecification\",\"valueRequired\":true,\"valueName\":\"search_term_string\"}}],\"inLanguage\":\"fr-FR\"},{\"@type\":\"Organization\",\"@id\":\"https:\\\/\\\/phoenix-association-grandest.fr\\\/#organization\",\"name\":\"Association Phoenix\",\"url\":\"https:\\\/\\\/phoenix-association-grandest.fr\\\/\",\"logo\":{\"@type\":\"ImageObject\",\"inLanguage\":\"fr-FR\",\"@id\":\"https:\\\/\\\/phoenix-association-grandest.fr\\\/#\\\/schema\\\/logo\\\/image\\\/\",\"url\":\"https:\\\/\\\/phoenix-association-grandest.fr\\\/wp-content\\\/uploads\\\/2023\\\/06\\\/cropped-LogoFinale1.png\",\"contentUrl\":\"https:\\\/\\\/phoenix-association-grandest.fr\\\/wp-content\\\/uploads\\\/2023\\\/06\\\/cropped-LogoFinale1.png\",\"width\":3113,\"height\":668,\"caption\":\"Association Phoenix\"},\"image\":{\"@id\":\"https:\\\/\\\/phoenix-association-grandest.fr\\\/#\\\/schema\\\/logo\\\/image\\\/\"}}]}<\/script>\n<!-- \/ Yoast SEO plugin. -->","yoast_head_json":{"title":"Contact - Association Phoenix","robots":{"index":"index","follow":"follow","max-snippet":"max-snippet:-1","max-image-preview":"max-image-preview:large","max-video-preview":"max-video-preview:-1"},"canonical":"https:\/\/phoenix-association-grandest.fr\/?page_id=196","og_locale":"fr_FR","og_type":"article","og_title":"Contact - Association Phoenix","og_description":"Contactez-nous Formulaire de contact","og_url":"https:\/\/phoenix-association-grandest.fr\/?page_id=196","og_site_name":"Association Phoenix","article_modified_time":"2025-09-13T09:50:37+00:00","twitter_card":"summary_large_image","twitter_misc":{"Dur\u00e9e de lecture estim\u00e9e":"1 minute"},"schema":{"@context":"https:\/\/schema.org","@graph":[{"@type":"WebPage","@id":"https:\/\/phoenix-association-grandest.fr\/?page_id=196","url":"https:\/\/phoenix-association-grandest.fr\/?page_id=196","name":"Contact - Association Phoenix","isPartOf":{"@id":"https:\/\/phoenix-association-grandest.fr\/#website"},"datePublished":"2020-09-08T11:06:54+00:00","dateModified":"2025-09-13T09:50:37+00:00","breadcrumb":{"@id":"https:\/\/phoenix-association-grandest.fr\/?page_id=196#breadcrumb"},"inLanguage":"fr-FR","potentialAction":[{"@type":"ReadAction","target":["https:\/\/phoenix-association-grandest.fr\/?page_id=196"]}]},{"@type":"BreadcrumbList","@id":"https:\/\/phoenix-association-grandest.fr\/?page_id=196#breadcrumb","itemListElement":[{"@type":"ListItem","position":1,"name":"Accueil","item":"https:\/\/phoenix-association-grandest.fr\/"},{"@type":"ListItem","position":2,"name":"Contact"}]},{"@type":"WebSite","@id":"https:\/\/phoenix-association-grandest.fr\/#website","url":"https:\/\/phoenix-association-grandest.fr\/","name":"Association Phoenix","description":"La sant\u00e9 par l\u2019activit\u00e9 physique adapt\u00e9e","publisher":{"@id":"https:\/\/phoenix-association-grandest.fr\/#organization"},"potentialAction":[{"@type":"SearchAction","target":{"@type":"EntryPoint","urlTemplate":"https:\/\/phoenix-association-grandest.fr\/?s={search_term_string}"},"query-input":{"@type":"PropertyValueSpecification","valueRequired":true,"valueName":"search_term_string"}}],"inLanguage":"fr-FR"},{"@type":"Organization","@id":"https:\/\/phoenix-association-grandest.fr\/#organization","name":"Association Phoenix","url":"https:\/\/phoenix-association-grandest.fr\/","logo":{"@type":"ImageObject","inLanguage":"fr-FR","@id":"https:\/\/phoenix-association-grandest.fr\/#\/schema\/logo\/image\/","url":"https:\/\/phoenix-association-grandest.fr\/wp-content\/uploads\/2023\/06\/cropped-LogoFinale1.png","contentUrl":"https:\/\/phoenix-association-grandest.fr\/wp-content\/uploads\/2023\/06\/cropped-LogoFinale1.png","width":3113,"height":668,"caption":"Association Phoenix"},"image":{"@id":"https:\/\/phoenix-association-grandest.fr\/#\/schema\/logo\/image\/"}}]}},"uagb_featured_image_src":{"full":false,"thumbnail":false,"medium":false,"medium_large":false,"large":false,"1536x1536":false,"2048x2048":false},"uagb_author_info":{"display_name":"Jean-Paul54Phoenix","author_link":"https:\/\/phoenix-association-grandest.fr\/?author=1"},"uagb_comment_info":0,"uagb_excerpt":"Contactez-nous Formulaire de contact","_links":{"self":[{"href":"https:\/\/phoenix-association-grandest.fr\/index.php?rest_route=\/wp\/v2\/pages\/196","targetHints":{"allow":["GET"]}}],"collection":[{"href":"https:\/\/phoenix-association-grandest.fr\/index.php?rest_route=\/wp\/v2\/pages"}],"about":[{"href":"https:\/\/phoenix-association-grandest.fr\/index.php?rest_route=\/wp\/v2\/types\/page"}],"author":[{"embeddable":true,"href":"https:\/\/phoenix-association-grandest.fr\/index.php?rest_route=\/wp\/v2\/users\/1"}],"replies":[{"embeddable":true,"href":"https:\/\/phoenix-association-grandest.fr\/index.php?rest_route=%2Fwp%2Fv2%2Fcomments&post=196"}],"version-history":[{"count":25,"href":"https:\/\/phoenix-association-grandest.fr\/index.php?rest_route=\/wp\/v2\/pages\/196\/revisions"}],"predecessor-version":[{"id":1666,"href":"https:\/\/phoenix-association-grandest.fr\/index.php?rest_route=\/wp\/v2\/pages\/196\/revisions\/1666"}],"wp:attachment":[{"href":"https:\/\/phoenix-association-grandest.fr\/index.php?rest_route=%2Fwp%2Fv2%2Fmedia&parent=196"}],"curies":[{"name":"wp","href":"https:\/\/api.w.org\/{rel}","templated":true}]}}